{"id":6458,"date":"2024-06-20T14:27:58","date_gmt":"2024-06-20T21:27:58","guid":{"rendered":"https:\/\/ic4ij.test\/?page_id=6458"},"modified":"2025-11-20T11:53:04","modified_gmt":"2025-11-20T19:53:04","slug":"comunicado-de-prensa-del-icij-tras-la-audiencia-sobre-el-presupuesto-del-condado-de-san-bernardino","status":"publish","type":"page","link":"https:\/\/ic4ij.org\/es\/comunicado-de-prensa-del-icij-tras-la-audiencia-sobre-el-presupuesto-del-condado-de-san-bernardino","title":{"rendered":"Comunicado de prensa del ICIJ tras la audiencia sobre el presupuesto del condado de San Bernardino"},"content":{"rendered":"<p>La Coalici\u00f3n Justicia Para Inmigrantes (ICIJ), nuestros aliados dedicados, y la comunidad de vendedores ambulantes del Inland Empire est\u00e1n severamente decepcionados con la Junta de Supervisores del Condado de San Bernardino (SBCBOS) por votar un\u00e1nimemente para aprobar el Presupuesto Recomendado 2024-2025 que incluye m\u00e1s de $ 400,000 de desperdicio en la aplicaci\u00f3n del c\u00f3digo de vendedores ambulantes en todo el condado.<br \/>\nA pesar de la gran manifestaci\u00f3n fuera del Centro de Gobierno del Condado de San Bernardino y m\u00e1s de 20 comentarios p\u00fablicos de miembros de la comunidad y vendedores ambulantes locales en oposici\u00f3n al &#8220;Programa de Vendedores Ambulantes Ilegales&#8221;, el SBCBOS no reconoci\u00f3 una vez m\u00e1s las voces de sus constituyentes.<br \/>\nAunque nos decepciona que el condado siga los pasos punitivos de Fontana y criminalice a los vendedores ambulantes, nuestra coalici\u00f3n, nuestros aliados y la comunidad local de vendedores ambulantes no descansar\u00e1n hasta que los vendedores ambulantes del Inland Empire puedan trabajar sin miedo. ICIJ seguir\u00e1 luchando por los derechos y la dignidad de los vendedores ambulantes del IE y de las comunidades inmigrantes.<\/p>","protected":false},"excerpt":{"rendered":"<p>La Coalici\u00f3n Justicia Para Inmigrantes (ICIJ), nuestros aliados dedicados, y la comunidad de vendedores ambulantes del Inland Empire est\u00e1n severamente decepcionados con la Junta de Supervisores del Condado de San&#8230;<\/p>","protected":false},"author":3,"featured_media":0,"parent":0,"menu_order":3,"comment_status":"closed","ping_status":"closed","template":"","meta":{"_acf_changed":false,"_price":"","_stock":"","_tribe_ticket_header":"","_tribe_default_ticket_provider":"","_tribe_ticket_capacity":"0","_ticket_start_date":"","_ticket_end_date":"","_tribe_ticket_show_description":"","_tribe_ticket_show_not_going":false,"_tribe_ticket_use_global_stock":"","_tribe_ticket_global_stock_level":"","_global_stock_mode":"","_global_stock_cap":"","_tribe_rsvp_for_event":"","_tribe_ticket_going_count":"","_tribe_ticket_not_going_count":"","_tribe_tickets_list":"[]","_tribe_ticket_has_attendee_info_fields":false,"footnotes":"","_tec_slr_enabled":"","_tec_slr_layout":""},"class_list":["post-6458","page","type-page","status-publish","hentry"],"acf":[],"jetpack_sharing_enabled":true,"ticketed":false,"_links":{"self":[{"href":"https:\/\/ic4ij.org\/es\/wp-json\/wp\/v2\/pages\/6458","targetHints":{"allow":["GET"]}}],"collection":[{"href":"https:\/\/ic4ij.org\/es\/wp-json\/wp\/v2\/pages"}],"about":[{"href":"https:\/\/ic4ij.org\/es\/wp-json\/wp\/v2\/types\/page"}],"author":[{"embeddable":true,"href":"https:\/\/ic4ij.org\/es\/wp-json\/wp\/v2\/users\/3"}],"replies":[{"embeddable":true,"href":"https:\/\/ic4ij.org\/es\/wp-json\/wp\/v2\/comments?post=6458"}],"version-history":[{"count":1,"href":"https:\/\/ic4ij.org\/es\/wp-json\/wp\/v2\/pages\/6458\/revisions"}],"predecessor-version":[{"id":6459,"href":"https:\/\/ic4ij.org\/es\/wp-json\/wp\/v2\/pages\/6458\/revisions\/6459"}],"wp:attachment":[{"href":"https:\/\/ic4ij.org\/es\/wp-json\/wp\/v2\/media?parent=6458"}],"curies":[{"name":"wp","href":"https:\/\/api.w.org\/{rel}","templated":true}]}}