{"id":5859,"date":"2023-06-23T10:37:23","date_gmt":"2023-06-23T17:37:23","guid":{"rendered":"https:\/\/ic4ij.test\/?page_id=5859"},"modified":"2025-11-20T11:53:04","modified_gmt":"2025-11-20T19:53:04","slug":"inland-coalition-for-immigrant-justice-denounces-the-riverside-sheriff-department-joining-desantis-anti-immigrant-task-force","status":"publish","type":"page","link":"https:\/\/ic4ij.org\/es\/inland-coalition-for-immigrant-justice-denounces-the-riverside-sheriff-department-joining-desantis-anti-immigrant-task-force","title":{"rendered":"El ICIJ denuncia que el Departamento del Sheriff de Riverside se une al grupo de trabajo antiinmigrantes de DeSantis"},"content":{"rendered":"<p><b>Para publicaci\u00f3n inmediata \/\/<\/b><\/p>\n<p><span style=\"font-weight: 400;\">23 de junio de 2023<\/span><\/p>\n<p><b>Contacto<\/b><span style=\"font-weight: 400;\">: Tamara M\u00e1rquez, <\/span><a href=\"mailto:tamara@ic4ij.org\"><span style=\"font-weight: 400;\">tamara@ic4ij.org<\/span><\/a><span style=\"font-weight: 400;\">, (562) 212-2664<\/span><\/p>\n<p>&nbsp;<\/p>\n<p><b>Riverside, California<\/b><span style=\"font-weight: 400;\"> \u2013 Ayer, 22 de junio de 2023, el gobernador de Florida, Ron DeSantis, anunci\u00f3 una \u201cCoalici\u00f3n nacional de alguaciles que luchan contra la crisis fronteriza de Biden\u201d compuesta por m\u00e1s de 90 alguaciles de todo el pa\u00eds. La Inland Coalition for Immigrant Justice condena con vehemencia la decisi\u00f3n del Sheriff Bianco de Riverside de firmar un<\/span> <a href=\"https:\/\/www.flgov.com\/2023\/06\/22\/governor-ron-desantis-announces-nationwide-coalition-of-sheriffs-fighting-back-against-the-biden-border-crisis\/\"><span style=\"font-weight: 400;\">grupo de trabajo anti-inmigrante<\/span><\/a> <span style=\"font-weight: 400;\">para criminalizar a\u00fan m\u00e1s a los inmigrantes y perpetuar el legado racista de la guerra contra las drogas. Estamos profundamente preocupados por las implicaciones de esta acci\u00f3n y el da\u00f1o potencial que representa para las comunidades de inmigrantes del condado de Riverside que comprenden m\u00e1s del 20% de la poblaci\u00f3n.<\/span><\/p>\n<p><span style=\"font-weight: 400;\">Al unirse a un grupo de trabajo de este tipo dirigido por el gobernador fascista de Florida, Ron DeSantis, el alguacil Bianco ha demostrado un inquietante desprecio por los principios de justicia, igualdad y derechos humanos. En lugar de fomentar un entorno inclusivo y compasivo, ha optado por contribuir a un clima de miedo y discriminaci\u00f3n, centr\u00e1ndose en algunos de los miembros m\u00e1s vulnerables de nuestra sociedad.<\/span><\/p>\n<p><span style=\"font-weight: 400;\">Es esencial reconocer que los inmigrantes y refugiados siempre han sido una parte integral del tejido de nuestra sociedad, contribuyendo a nuestra econom\u00eda, cultura y comunidades. Merecen ser tratados con dignidad, respeto y justicia. Al adoptar una agenda antiinmigrante, el alguacil Bianco ignora las innumerables contribuciones positivas que los inmigrantes y refugiados hacen a diario y, en cambio, perpet\u00faa pol\u00edticas y estereotipos da\u00f1inos.<\/span><\/p>\n<p><span style=\"font-weight: 400;\">Adem\u00e1s, la continua criminalizaci\u00f3n de inmigrantes y refugiados y la expansi\u00f3n de la guerra contra las drogas solo profundizan las disparidades raciales existentes y perpet\u00faan la injusticia sist\u00e9mica. Estas pol\u00edticas tienen un impacto desproporcionado en las comunidades marginadas, alimentan el encarcelamiento masivo y desv\u00edan recursos vitales de iniciativas que podr\u00edan abordar las causas profundas del crimen y promover el bienestar de la comunidad.<\/span><\/p>\n<p><span style=\"font-weight: 400;\">\u201cComo organizaci\u00f3n comprometida con la igualdad, la justicia y los derechos humanos, hacemos un llamado al alguacil Bianco para que reconsidere su postura y retire su apoyo de este grupo de trabajo da\u00f1ino. Lo instamos a que adopte pol\u00edticas que prioricen la inclusi\u00f3n, la compasi\u00f3n y la protecci\u00f3n de todos los residentes, independientemente de su estatus migratorio\u201d. <\/span><b>dijo Luis Nolasco Defensor Principal de Pol\u00edticas y Organizador de la ACLU del Sur de California.<\/b><\/p>\n<p><span style=\"font-weight: 400;\">\u201cHacemos un llamado a los l\u00edderes locales, las organizaciones comunitarias y los ciudadanos preocupados para que se unan en oposici\u00f3n a la participaci\u00f3n del alguacil Bianco en el grupo de trabajo antiinmigrante y lo instamos a retirar su apoyo. En este momento crucial, es imperativo que fomentemos una sociedad que acepte la diversidad, defienda los derechos de todas las personas y promueva la justicia para todos. Debemos desafiar y resistir las pol\u00edticas que buscan marginar y criminalizar a los inmigrantes, reconociendo que solo se puede lograr una sociedad verdaderamente justa e inclusiva cuando respetamos y protegemos los derechos y la dignidad de cada persona\u201d. <\/span><b>dijo Javier Hernandez, Director Ejecutivo de Inland Coalition for Immigrant Justice<\/b><span style=\"font-weight: 400;\">.<\/span><\/p>\n<p style=\"text-align: center;\"><span style=\"font-weight: 400;\">###<\/span><\/p>","protected":false},"excerpt":{"rendered":"<p>For Immediate Release \/\/ June 23, 2023 Contact: Tamara Marquez, tamara@ic4ij.org, (562) 212-2664 &nbsp; Riverside, CA &#8211; Yesterday, June 22nd, 2023, Florida&#8217;s governor, Ron DeSantis, announced a &#8220;Nationwide Coalition of&#8230;<\/p>","protected":false},"author":3,"featured_media":0,"parent":0,"menu_order":9,"comment_status":"closed","ping_status":"closed","template":"","meta":{"_acf_changed":false,"_price":"","_stock":"","_tribe_ticket_header":"","_tribe_default_ticket_provider":"","_tribe_ticket_capacity":"0","_ticket_start_date":"","_ticket_end_date":"","_tribe_ticket_show_description":"","_tribe_ticket_show_not_going":false,"_tribe_ticket_use_global_stock":"","_tribe_ticket_global_stock_level":"","_global_stock_mode":"","_global_stock_cap":"","_tribe_rsvp_for_event":"","_tribe_ticket_going_count":"","_tribe_ticket_not_going_count":"","_tribe_tickets_list":"[]","_tribe_ticket_has_attendee_info_fields":false,"footnotes":"","_tec_slr_enabled":"","_tec_slr_layout":""},"class_list":["post-5859","page","type-page","status-publish","hentry"],"acf":[],"jetpack_sharing_enabled":true,"ticketed":false,"_links":{"self":[{"href":"https:\/\/ic4ij.org\/es\/wp-json\/wp\/v2\/pages\/5859","targetHints":{"allow":["GET"]}}],"collection":[{"href":"https:\/\/ic4ij.org\/es\/wp-json\/wp\/v2\/pages"}],"about":[{"href":"https:\/\/ic4ij.org\/es\/wp-json\/wp\/v2\/types\/page"}],"author":[{"embeddable":true,"href":"https:\/\/ic4ij.org\/es\/wp-json\/wp\/v2\/users\/3"}],"replies":[{"embeddable":true,"href":"https:\/\/ic4ij.org\/es\/wp-json\/wp\/v2\/comments?post=5859"}],"version-history":[{"count":4,"href":"https:\/\/ic4ij.org\/es\/wp-json\/wp\/v2\/pages\/5859\/revisions"}],"predecessor-version":[{"id":5863,"href":"https:\/\/ic4ij.org\/es\/wp-json\/wp\/v2\/pages\/5859\/revisions\/5863"}],"wp:attachment":[{"href":"https:\/\/ic4ij.org\/es\/wp-json\/wp\/v2\/media?parent=5859"}],"curies":[{"name":"wp","href":"https:\/\/api.w.org\/{rel}","templated":true}]}}