{"id":5451,"date":"2023-01-11T17:06:13","date_gmt":"2023-01-11T17:06:13","guid":{"rendered":"https:\/\/ic4ij.test\/?page_id=5451"},"modified":"2025-11-20T11:53:04","modified_gmt":"2025-11-20T19:53:04","slug":"bidenresponse","status":"publish","type":"page","link":"https:\/\/ic4ij.org\/es\/bidenresponse","title":{"rendered":"La nueva pol\u00edtica de control fronterizo del presidente Biden es un ataque a los migrantes que llegan a la frontera sur"},"content":{"rendered":"<p>&nbsp;<\/p>\n<p><b>Para publicaci\u00f3n inmediata<\/b><span style=\"font-weight: 400;\"> \/\/<\/span><\/p>\n<p><span style=\"font-weight: 400;\">10 de enero de 2023<\/span><\/p>\n<p><b>Contacto<\/b><span style=\"font-weight: 400;\">: Tamara M\u00e1rquez, <\/span><a href=\"mailto:tamara@ic4ij.org\"><span style=\"font-weight: 400;\">tamara@ic4ij.org<\/span><\/a><span style=\"font-weight: 400;\">, (562) 212-2664<\/span><\/p>\n<p>&nbsp;<\/p>\n<p><b>Las nuevas pol\u00edticas de control fronterizo del presidente Biden van en contra de las comunidades de inmigrantes y se enfocan en los refugiados en riesgo de violencia en su pa\u00eds de origen<\/b><\/p>\n<p><b>San Bernardino, CA<\/b><span style=\"font-weight: 400;\"> &#8211; <\/span><span style=\"font-weight: 400;\">El 5 de enero de 2023, el presidente Joe Biden anunci\u00f3 nuevas pol\u00edticas de control fronterizo, incluida la expansi\u00f3n del T\u00edtulo 42, una pol\u00edtica que infringe el derecho internacional y viola los derechos humanos de los inmigrantes que buscan asilo. A partir del jueves 12 de enero de 2023, los inmigrantes de Cuba, Venezuela, Hait\u00ed y Nicaragua ser\u00e1n objeto de deportaci\u00f3n bajo la expansi\u00f3n del T\u00edtulo 42.<\/span><\/p>\n<p><b>Javier Hernandez, Director Ejecutivo de Inland Coalition for Immigrant Justice, declar\u00f3:<\/b><\/p>\n<p><span style=\"font-weight: 400;\">&quot;<\/span><i><span style=\"font-weight: 400;\">El presidente Biden est\u00e1 incumpliendo las promesas que hizo durante su campa\u00f1a de 2020, que inclu\u00edan poner fin al T\u00edtulo 42. Mientras esperamos la decisi\u00f3n de la Corte Suprema sobre la legalidad del T\u00edtulo 42, no hay excusa para expandir una pol\u00edtica de inmigraci\u00f3n racista y xen\u00f3foba de la era Trump. El ICIJ se solidariza con los inmigrantes de Cuba, Venezuela, Hait\u00ed y Nicaragua que la Administraci\u00f3n Biden-Harris tiene como objetivo para la deportaci\u00f3n.<\/span><\/i><\/p>\n<p><i><span style=\"font-weight: 400;\">Exigimos que el presidente Biden cumpla su promesa de campa\u00f1a de dar la bienvenida a los refugiados, solicitantes de asilo e inmigrantes con compasi\u00f3n y respeto. Su actual propuesta de inmigraci\u00f3n para expandir las pol\u00edticas de la era Trump hace lo contrario al negar el derecho legal de buscar asilo a inmigrantes de ciertos pa\u00edses y establecer reglas estrictas que pondr\u00e1n en riesgo la vida de las personas.<\/span><\/i><\/p>\n<p>&nbsp;<\/p>\n<p><span style=\"font-weight: 400;\">El Inland Empire alberga el centro de detenci\u00f3n de inmigrantes m\u00e1s grande de la Costa Oeste, el Centro de Detenci\u00f3n Adelanto GEO. Exigimos que los congresistas de Inland Empire apoyen a los refugiados y solicitantes de asilo e instamos a la Administraci\u00f3n Biden-Harris a cumplir sus promesas de campa\u00f1a y poner fin al maltrato de inmigrantes con pol\u00edticas indignas.\u00a0<\/span><\/p>\n<p>&nbsp;<\/p>\n<p><span style=\"font-weight: 400;\">###<\/span><\/p>","protected":false},"excerpt":{"rendered":"<p>&nbsp; For Immediate Release \/\/ January 10, 2023 Contact: Tamara Marquez, tamara@ic4ij.org, (562) 212-2664 &nbsp; President Biden\u2019s New Border Enforcement Policies Go Against Immigrant Communities Targets Refugees at Risk of&#8230;<\/p>","protected":false},"author":3,"featured_media":0,"parent":0,"menu_order":15,"comment_status":"closed","ping_status":"closed","template":"template-custom.blade.php","meta":{"_acf_changed":false,"_price":"","_stock":"","_tribe_ticket_header":"","_tribe_default_ticket_provider":"","_tribe_ticket_capacity":"0","_ticket_start_date":"","_ticket_end_date":"","_tribe_ticket_show_description":"","_tribe_ticket_show_not_going":false,"_tribe_ticket_use_global_stock":"","_tribe_ticket_global_stock_level":"","_global_stock_mode":"","_global_stock_cap":"","_tribe_rsvp_for_event":"","_tribe_ticket_going_count":"","_tribe_ticket_not_going_count":"","_tribe_tickets_list":"[]","_tribe_ticket_has_attendee_info_fields":false,"footnotes":"","_tec_slr_enabled":"","_tec_slr_layout":""},"class_list":["post-5451","page","type-page","status-publish","hentry"],"acf":[],"jetpack_sharing_enabled":true,"ticketed":false,"_links":{"self":[{"href":"https:\/\/ic4ij.org\/es\/wp-json\/wp\/v2\/pages\/5451","targetHints":{"allow":["GET"]}}],"collection":[{"href":"https:\/\/ic4ij.org\/es\/wp-json\/wp\/v2\/pages"}],"about":[{"href":"https:\/\/ic4ij.org\/es\/wp-json\/wp\/v2\/types\/page"}],"author":[{"embeddable":true,"href":"https:\/\/ic4ij.org\/es\/wp-json\/wp\/v2\/users\/3"}],"replies":[{"embeddable":true,"href":"https:\/\/ic4ij.org\/es\/wp-json\/wp\/v2\/comments?post=5451"}],"version-history":[{"count":11,"href":"https:\/\/ic4ij.org\/es\/wp-json\/wp\/v2\/pages\/5451\/revisions"}],"predecessor-version":[{"id":5459,"href":"https:\/\/ic4ij.org\/es\/wp-json\/wp\/v2\/pages\/5451\/revisions\/5459"}],"wp:attachment":[{"href":"https:\/\/ic4ij.org\/es\/wp-json\/wp\/v2\/media?parent=5451"}],"curies":[{"name":"wp","href":"https:\/\/api.w.org\/{rel}","templated":true}]}}