{"id":373,"date":"2021-03-31T20:21:38","date_gmt":"2021-03-31T20:21:38","guid":{"rendered":"https:\/\/ic4ij.test\/?page_id=373"},"modified":"2025-11-20T11:53:04","modified_gmt":"2025-11-20T19:53:04","slug":"hotline","status":"publish","type":"page","link":"https:\/\/ic4ij.org\/es\/hotline","title":{"rendered":"Conoce tus derechos"},"content":{"rendered":"<h2>IC4IJ Rapid Response Hotline (909) 361-4588<\/h2>\n<h4>Acerca de<\/h4>\n<p>The ICIJ Resource Hotline is a community-led resource that has operated for close to a decade to support immigrant communities in the Inland region of Riverside and San Bernardino counties, as well as the city of Pomona. It now aims to serve undocumented community members in the Inland Empire including the Coachella Valley and High Desert as a solution-oriented hotline by providing resources within our network.<\/p>\n<p>En respuesta a una ola de redadas de Aduanas y Patrulla Fronteriza (CBP) en 2008-2009, se form\u00f3 la Red de Respuesta de Emergencia (ERN) de Inland Empire. La ERN ayud\u00f3 a aumentar los informes de arrestos de inmigrantes, cre\u00f3 un proceso simplificado para la documentaci\u00f3n de violaciones de derechos humanos y ampli\u00f3 la capacidad de los voluntarios para responder a las necesidades urgentes. En 2016, la ERN se centr\u00f3 en la educaci\u00f3n Conozca sus derechos debido al aumento de los arrestos por inmigraci\u00f3n en la regi\u00f3n. En 2019, la ERN se activ\u00f3 para brindar apoyo inmediato y servicios de reunificaci\u00f3n a los migrantes que CBP abandon\u00f3 en las calles de San Bernardino, CA. En 2020, el ICIJ volvi\u00f3 a activar la ERN para brindar apoyo a las familias inmigrantes afectadas por la pandemia de COVID-19.<\/p>\n<p><strong>Our principles<\/strong><br \/>\n<strong>Confidencialidad:<\/strong> Todos los voluntarios deben practicar la confidencialidad en todo momento.<br \/>\n<strong>Compasi\u00f3n:<\/strong> Nos solidarizamos con los que sufren trabajando por un mundo m\u00e1s justo y equitativo<br \/>\n<strong>Compromiso:<\/strong> Nuestro compromiso es con la comunidad y con nosotros mismos<br \/>\n<strong>Atenci\u00f3n basada en la comunidad:<\/strong> Nuestro apoyo a los dem\u00e1s<\/p>\n<h4>\u00a1Sea voluntario con nosotros!<\/h4>\n<p>We are currently looking for bilingual volunteers to serve as operators for the IC4IJ Hotline. Volunteers will be trained to administer detailed intakes and support callers by directing them to the appropriate resources in our network! To best serve the immigrant community in the inland empire, we are looking for volunteers who are bilingual. If you are interested, please email <a href=\"mailto:elsa@ic4ij.org\">elsa@ic4ij.org<\/a>.<\/p>\n<p><img loading=\"lazy\" decoding=\"async\" class=\"size-medium wp-image-6533 aligncenter\" src=\"http:\/\/ic4ij.org\/app\/uploads\/2025\/02\/ACC04364-75A3-4B17-B0BD-C444E71FABAE-300x297.jpeg\" alt=\"\" width=\"300\" height=\"297\" srcset=\"https:\/\/ic4ij.org\/app\/uploads\/2025\/02\/ACC04364-75A3-4B17-B0BD-C444E71FABAE-300x297.jpeg 300w, https:\/\/ic4ij.org\/app\/uploads\/2025\/02\/ACC04364-75A3-4B17-B0BD-C444E71FABAE-1024x1015.jpeg 1024w, https:\/\/ic4ij.org\/app\/uploads\/2025\/02\/ACC04364-75A3-4B17-B0BD-C444E71FABAE-150x150.jpeg 150w, https:\/\/ic4ij.org\/app\/uploads\/2025\/02\/ACC04364-75A3-4B17-B0BD-C444E71FABAE-768x761.jpeg 768w, https:\/\/ic4ij.org\/app\/uploads\/2025\/02\/ACC04364-75A3-4B17-B0BD-C444E71FABAE-12x12.jpeg 12w, https:\/\/ic4ij.org\/app\/uploads\/2025\/02\/ACC04364-75A3-4B17-B0BD-C444E71FABAE-600x595.jpeg 600w, https:\/\/ic4ij.org\/app\/uploads\/2025\/02\/ACC04364-75A3-4B17-B0BD-C444E71FABAE-100x100.jpeg 100w, https:\/\/ic4ij.org\/app\/uploads\/2025\/02\/ACC04364-75A3-4B17-B0BD-C444E71FABAE.jpeg 1170w\" sizes=\"auto, (max-width: 300px) 100vw, 300px\" \/><\/p>\n<p>&nbsp;<\/p>\n<hr \/>\n<h2>KNOW YOUR RIGHTS<\/h2>\n<p>Unsure about your rights? Check out our <a href=\"https:\/\/drive.google.com\/drive\/folders\/1tbPiyiC7gltyNUZdwc2E8A5FAvyjHMbw\">RESOURCES<\/a> on what rights you have, how to interact with the Police, ICE, CBP, and how to stay safe!<\/p>\n<p><img loading=\"lazy\" decoding=\"async\" class=\"wp-image-6551 aligncenter\" src=\"http:\/\/ic4ij.org\/app\/uploads\/2025\/04\/Screen-Shot-2025-04-20-at-3.50.48-PM-300x172.png\" alt=\"\" width=\"482\" height=\"276\" srcset=\"https:\/\/ic4ij.org\/app\/uploads\/2025\/04\/Screen-Shot-2025-04-20-at-3.50.48-PM-300x172.png 300w, https:\/\/ic4ij.org\/app\/uploads\/2025\/04\/Screen-Shot-2025-04-20-at-3.50.48-PM-1024x587.png 1024w, https:\/\/ic4ij.org\/app\/uploads\/2025\/04\/Screen-Shot-2025-04-20-at-3.50.48-PM-768x440.png 768w, https:\/\/ic4ij.org\/app\/uploads\/2025\/04\/Screen-Shot-2025-04-20-at-3.50.48-PM-1536x881.png 1536w, https:\/\/ic4ij.org\/app\/uploads\/2025\/04\/Screen-Shot-2025-04-20-at-3.50.48-PM-18x10.png 18w, https:\/\/ic4ij.org\/app\/uploads\/2025\/04\/Screen-Shot-2025-04-20-at-3.50.48-PM-600x344.png 600w, https:\/\/ic4ij.org\/app\/uploads\/2025\/04\/Screen-Shot-2025-04-20-at-3.50.48-PM.png 1876w\" sizes=\"auto, (max-width: 482px) 100vw, 482px\" \/><\/p>\n<p>&nbsp;<\/p>\n<hr \/>\n<h2 class=\"cvGsUA direction-ltr align-start para-style-body\"><span class=\"OYPEnA font-feature-liga-off font-feature-clig-off font-feature-calt-off text-decoration-none text-strikethrough-none\">IC4IJ IE Immigration Legal Services <\/span><span class=\"OYPEnA font-feature-liga-off font-feature-clig-off font-feature-calt-off text-decoration-none text-strikethrough-none\">Directory<\/span><\/h2>\n<p>IC4IJ has created a list with trusted messengers that can support you and your family with legal support! Our list includes non-profit organizations and private offices that we trust and work with. Check them our below!<\/p>\n<p><img loading=\"lazy\" decoding=\"async\" class=\"alignnone wp-image-6573\" src=\"http:\/\/ic4ij.org\/app\/uploads\/2025\/04\/Screen-Shot-2025-04-21-at-3.34.04-PM-300x300.png\" alt=\"\" width=\"424\" height=\"424\" srcset=\"https:\/\/ic4ij.org\/app\/uploads\/2025\/04\/Screen-Shot-2025-04-21-at-3.34.04-PM-300x300.png 300w, https:\/\/ic4ij.org\/app\/uploads\/2025\/04\/Screen-Shot-2025-04-21-at-3.34.04-PM-1024x1024.png 1024w, https:\/\/ic4ij.org\/app\/uploads\/2025\/04\/Screen-Shot-2025-04-21-at-3.34.04-PM-150x150.png 150w, https:\/\/ic4ij.org\/app\/uploads\/2025\/04\/Screen-Shot-2025-04-21-at-3.34.04-PM-768x768.png 768w, https:\/\/ic4ij.org\/app\/uploads\/2025\/04\/Screen-Shot-2025-04-21-at-3.34.04-PM-1536x1536.png 1536w, https:\/\/ic4ij.org\/app\/uploads\/2025\/04\/Screen-Shot-2025-04-21-at-3.34.04-PM-2048x2048.png 2048w, https:\/\/ic4ij.org\/app\/uploads\/2025\/04\/Screen-Shot-2025-04-21-at-3.34.04-PM-12x12.png 12w, https:\/\/ic4ij.org\/app\/uploads\/2025\/04\/Screen-Shot-2025-04-21-at-3.34.04-PM-600x600.png 600w, https:\/\/ic4ij.org\/app\/uploads\/2025\/04\/Screen-Shot-2025-04-21-at-3.34.04-PM-100x100.png 100w\" sizes=\"auto, (max-width: 424px) 100vw, 424px\" \/><img loading=\"lazy\" decoding=\"async\" class=\"alignnone wp-image-6574\" src=\"http:\/\/ic4ij.org\/app\/uploads\/2025\/04\/Screen-Shot-2025-04-21-at-3.34.13-PM-300x300.png\" alt=\"\" width=\"423\" height=\"423\" srcset=\"https:\/\/ic4ij.org\/app\/uploads\/2025\/04\/Screen-Shot-2025-04-21-at-3.34.13-PM-300x300.png 300w, https:\/\/ic4ij.org\/app\/uploads\/2025\/04\/Screen-Shot-2025-04-21-at-3.34.13-PM-1024x1024.png 1024w, https:\/\/ic4ij.org\/app\/uploads\/2025\/04\/Screen-Shot-2025-04-21-at-3.34.13-PM-150x150.png 150w, https:\/\/ic4ij.org\/app\/uploads\/2025\/04\/Screen-Shot-2025-04-21-at-3.34.13-PM-768x769.png 768w, https:\/\/ic4ij.org\/app\/uploads\/2025\/04\/Screen-Shot-2025-04-21-at-3.34.13-PM-1536x1536.png 1536w, https:\/\/ic4ij.org\/app\/uploads\/2025\/04\/Screen-Shot-2025-04-21-at-3.34.13-PM-2046x2048.png 2046w, https:\/\/ic4ij.org\/app\/uploads\/2025\/04\/Screen-Shot-2025-04-21-at-3.34.13-PM-12x12.png 12w, https:\/\/ic4ij.org\/app\/uploads\/2025\/04\/Screen-Shot-2025-04-21-at-3.34.13-PM-600x601.png 600w, https:\/\/ic4ij.org\/app\/uploads\/2025\/04\/Screen-Shot-2025-04-21-at-3.34.13-PM-100x100.png 100w\" sizes=\"auto, (max-width: 423px) 100vw, 423px\" \/><img loading=\"lazy\" decoding=\"async\" class=\"alignnone wp-image-6575\" src=\"http:\/\/ic4ij.org\/app\/uploads\/2025\/04\/Screen-Shot-2025-04-21-at-3.34.21-PM-300x300.png\" alt=\"\" width=\"420\" height=\"420\" srcset=\"https:\/\/ic4ij.org\/app\/uploads\/2025\/04\/Screen-Shot-2025-04-21-at-3.34.21-PM-300x300.png 300w, https:\/\/ic4ij.org\/app\/uploads\/2025\/04\/Screen-Shot-2025-04-21-at-3.34.21-PM-1024x1024.png 1024w, https:\/\/ic4ij.org\/app\/uploads\/2025\/04\/Screen-Shot-2025-04-21-at-3.34.21-PM-150x150.png 150w, https:\/\/ic4ij.org\/app\/uploads\/2025\/04\/Screen-Shot-2025-04-21-at-3.34.21-PM-768x769.png 768w, https:\/\/ic4ij.org\/app\/uploads\/2025\/04\/Screen-Shot-2025-04-21-at-3.34.21-PM-1536x1536.png 1536w, https:\/\/ic4ij.org\/app\/uploads\/2025\/04\/Screen-Shot-2025-04-21-at-3.34.21-PM-2046x2048.png 2046w, https:\/\/ic4ij.org\/app\/uploads\/2025\/04\/Screen-Shot-2025-04-21-at-3.34.21-PM-12x12.png 12w, https:\/\/ic4ij.org\/app\/uploads\/2025\/04\/Screen-Shot-2025-04-21-at-3.34.21-PM-600x601.png 600w, https:\/\/ic4ij.org\/app\/uploads\/2025\/04\/Screen-Shot-2025-04-21-at-3.34.21-PM-100x100.png 100w\" sizes=\"auto, (max-width: 420px) 100vw, 420px\" \/><\/p>\n<hr \/>\n<h2>KNOW YOUR RIGHTS WORKSHOPS<\/h2>\n<p>We provide Know Your Rights workshops to the community, schools, educators, and more. Each presentation is designed to inform our community about their rights and what to do or what not to do when encountering the police, I.C.E., and other institutions. For any questions or to request a Know Your Rights workshop please email <a href=\"mailto:elsa@ic4ij.org\">elsa@ic4ij.org<\/a><\/p>\n<p><img loading=\"lazy\" decoding=\"async\" class=\"wp-image-6596 aligncenter\" src=\"http:\/\/ic4ij.org\/app\/uploads\/2025\/04\/Screen-Shot-2025-04-27-at-10.09.34-PM-300x168.png\" alt=\"\" width=\"438\" height=\"245\" srcset=\"https:\/\/ic4ij.org\/app\/uploads\/2025\/04\/Screen-Shot-2025-04-27-at-10.09.34-PM-300x168.png 300w, https:\/\/ic4ij.org\/app\/uploads\/2025\/04\/Screen-Shot-2025-04-27-at-10.09.34-PM-1024x572.png 1024w, https:\/\/ic4ij.org\/app\/uploads\/2025\/04\/Screen-Shot-2025-04-27-at-10.09.34-PM-768x429.png 768w, https:\/\/ic4ij.org\/app\/uploads\/2025\/04\/Screen-Shot-2025-04-27-at-10.09.34-PM-1536x859.png 1536w, https:\/\/ic4ij.org\/app\/uploads\/2025\/04\/Screen-Shot-2025-04-27-at-10.09.34-PM-18x10.png 18w, https:\/\/ic4ij.org\/app\/uploads\/2025\/04\/Screen-Shot-2025-04-27-at-10.09.34-PM-600x335.png 600w, https:\/\/ic4ij.org\/app\/uploads\/2025\/04\/Screen-Shot-2025-04-27-at-10.09.34-PM.png 1846w\" sizes=\"auto, (max-width: 438px) 100vw, 438px\" \/><\/p>","protected":false},"excerpt":{"rendered":"<p>IC4IJ Rapid Response Hotline (909) 361-4588 About The ICIJ Resource Hotline is a community-led resource that has operated for close to a decade to support immigrant communities in the Inland&#8230;<\/p>","protected":false},"author":3,"featured_media":6569,"parent":0,"menu_order":25,"comment_status":"closed","ping_status":"closed","template":"page-issue.blade.php","meta":{"_acf_changed":false,"_price":"","_stock":"","_tribe_ticket_header":"","_tribe_default_ticket_provider":"","_tribe_ticket_capacity":"0","_ticket_start_date":"","_ticket_end_date":"","_tribe_ticket_show_description":"","_tribe_ticket_show_not_going":false,"_tribe_ticket_use_global_stock":"","_tribe_ticket_global_stock_level":"","_global_stock_mode":"","_global_stock_cap":"","_tribe_rsvp_for_event":"","_tribe_ticket_going_count":"","_tribe_ticket_not_going_count":"","_tribe_tickets_list":"[]","_tribe_ticket_has_attendee_info_fields":false,"footnotes":"","_tec_slr_enabled":"","_tec_slr_layout":""},"class_list":["post-373","page","type-page","status-publish","has-post-thumbnail","hentry"],"acf":[],"jetpack_sharing_enabled":true,"ticketed":false,"_links":{"self":[{"href":"https:\/\/ic4ij.org\/es\/wp-json\/wp\/v2\/pages\/373","targetHints":{"allow":["GET"]}}],"collection":[{"href":"https:\/\/ic4ij.org\/es\/wp-json\/wp\/v2\/pages"}],"about":[{"href":"https:\/\/ic4ij.org\/es\/wp-json\/wp\/v2\/types\/page"}],"author":[{"embeddable":true,"href":"https:\/\/ic4ij.org\/es\/wp-json\/wp\/v2\/users\/3"}],"replies":[{"embeddable":true,"href":"https:\/\/ic4ij.org\/es\/wp-json\/wp\/v2\/comments?post=373"}],"version-history":[{"count":28,"href":"https:\/\/ic4ij.org\/es\/wp-json\/wp\/v2\/pages\/373\/revisions"}],"predecessor-version":[{"id":6597,"href":"https:\/\/ic4ij.org\/es\/wp-json\/wp\/v2\/pages\/373\/revisions\/6597"}],"wp:featuredmedia":[{"embeddable":true,"href":"https:\/\/ic4ij.org\/es\/wp-json\/wp\/v2\/media\/6569"}],"wp:attachment":[{"href":"https:\/\/ic4ij.org\/es\/wp-json\/wp\/v2\/media?parent=373"}],"curies":[{"name":"wp","href":"https:\/\/api.w.org\/{rel}","templated":true}]}}